{"id":475,"date":"2020-04-24T12:53:02","date_gmt":"2020-04-24T12:53:02","guid":{"rendered":"https:\/\/protexdealer.com\/?page_id=475"},"modified":"2020-04-27T14:12:31","modified_gmt":"2020-04-27T14:12:31","slug":"welcome-fr","status":"publish","type":"page","link":"https:\/\/protexdealer.com\/fr\/welcome-fr\/","title":{"rendered":"WELCOME (fr)"},"content":{"rendered":"<div data-elementor-type=\"wp-page\" data-elementor-id=\"475\" class=\"elementor elementor-475\" data-elementor-post-type=\"page\">\n\t\t\t\t\t\t<section class=\"elementor-section elementor-top-section elementor-element elementor-element-b988e42 elementor-section-full_width elementor-section-height-default elementor-section-height-default\" data-id=\"b988e42\" data-element_type=\"section\" data-e-type=\"section\">\n\t\t\t\t\t\t<div class=\"elementor-container elementor-column-gap-default\">\n\t\t\t\t\t<div class=\"elementor-column elementor-col-50 elementor-top-column elementor-element elementor-element-09d360b\" data-id=\"09d360b\" data-element_type=\"column\" data-e-type=\"column\">\n\t\t\t<div class=\"elementor-widget-wrap elementor-element-populated\">\n\t\t\t\t\t\t<div class=\"elementor-element elementor-element-c395858 elementor-widget elementor-widget-theme-site-logo elementor-widget-image\" data-id=\"c395858\" data-element_type=\"widget\" data-e-type=\"widget\" data-widget_type=\"theme-site-logo.default\">\n\t\t\t\t<div class=\"elementor-widget-container\">\n\t\t\t\t\t\t\t\t\t\t\t<a href=\"https:\/\/protexdealer.com\/fr\/\">\n\t\t\t<img decoding=\"async\" width=\"300\" height=\"53\" data-src=\"https:\/\/protexdealer.com\/wp-content\/uploads\/2019\/09\/protex-logo-png-300x53.png\" class=\"attachment-medium size-medium wp-image-359 lazyload\" alt=\"\" data-srcset=\"https:\/\/protexdealer.com\/wp-content\/uploads\/2019\/09\/protex-logo-png-300x53.png 300w, https:\/\/protexdealer.com\/wp-content\/uploads\/2019\/09\/protex-logo-png.png 391w\" data-sizes=\"(max-width: 300px) 100vw, 300px\" src=\"data:image\/svg+xml;base64,PHN2ZyB3aWR0aD0iMSIgaGVpZ2h0PSIxIiB4bWxucz0iaHR0cDovL3d3dy53My5vcmcvMjAwMC9zdmciPjwvc3ZnPg==\" style=\"--smush-placeholder-width: 300px; --smush-placeholder-aspect-ratio: 300\/53;\" \/>\t\t\t\t<\/a>\n\t\t\t\t\t\t\t\t\t\t\t<\/div>\n\t\t\t\t<\/div>\n\t\t\t\t<div class=\"elementor-element elementor-element-7748eb2 elementor-widget elementor-widget-spacer\" data-id=\"7748eb2\" data-element_type=\"widget\" data-e-type=\"widget\" data-widget_type=\"spacer.default\">\n\t\t\t\t<div class=\"elementor-widget-container\">\n\t\t\t\t\t\t\t<div class=\"elementor-spacer\">\n\t\t\t<div class=\"elementor-spacer-inner\"><\/div>\n\t\t<\/div>\n\t\t\t\t\t\t<\/div>\n\t\t\t\t<\/div>\n\t\t\t\t<div class=\"elementor-element elementor-element-549f398 elementor-widget-divider--view-line elementor-widget elementor-widget-divider\" data-id=\"549f398\" data-element_type=\"widget\" data-e-type=\"widget\" data-widget_type=\"divider.default\">\n\t\t\t\t<div class=\"elementor-widget-container\">\n\t\t\t\t\t\t\t<div class=\"elementor-divider\">\n\t\t\t<span class=\"elementor-divider-separator\">\n\t\t\t\t\t\t<\/span>\n\t\t<\/div>\n\t\t\t\t\t\t<\/div>\n\t\t\t\t<\/div>\n\t\t\t\t<div class=\"elementor-element elementor-element-9678133 elementor-widget elementor-widget-spacer\" data-id=\"9678133\" data-element_type=\"widget\" data-e-type=\"widget\" data-widget_type=\"spacer.default\">\n\t\t\t\t<div class=\"elementor-widget-container\">\n\t\t\t\t\t\t\t<div class=\"elementor-spacer\">\n\t\t\t<div class=\"elementor-spacer-inner\"><\/div>\n\t\t<\/div>\n\t\t\t\t\t\t<\/div>\n\t\t\t\t<\/div>\n\t\t\t\t<div data-dce-title-color=\"#f5af05\" class=\"elementor-element elementor-element-6e609c3 elementor-invisible elementor-widget elementor-widget-heading\" data-id=\"6e609c3\" data-element_type=\"widget\" data-e-type=\"widget\" data-settings=\"{&quot;_animation&quot;:&quot;fadeInLeft&quot;,&quot;_animation_delay&quot;:400}\" data-widget_type=\"heading.default\">\n\t\t\t\t<div class=\"elementor-widget-container\">\n\t\t\t\t\t<h2 class=\"elementor-heading-title elementor-size-xl\">CONTACTEZ D\u00c8S MAINTENANT<\/h2>\t\t\t\t<\/div>\n\t\t\t\t<\/div>\n\t\t\t\t<div data-dce-title-color=\"#ffffff\" class=\"elementor-element elementor-element-44a6353 elementor-invisible elementor-widget elementor-widget-heading\" data-id=\"44a6353\" data-element_type=\"widget\" data-e-type=\"widget\" data-settings=\"{&quot;_animation&quot;:&quot;fadeInLeft&quot;,&quot;_animation_delay&quot;:500}\" data-widget_type=\"heading.default\">\n\t\t\t\t<div class=\"elementor-widget-container\">\n\t\t\t\t\t<h2 class=\"elementor-heading-title elementor-size-default\">UN CENTRE PROTEX PR\u00c8S<br>DE CHEZ VOUS!<\/h2>\t\t\t\t<\/div>\n\t\t\t\t<\/div>\n\t\t\t\t<div data-dce-text-color=\"#a0a0a0\" class=\"elementor-element elementor-element-c9b1358 elementor-invisible elementor-widget elementor-widget-text-editor\" data-id=\"c9b1358\" data-element_type=\"widget\" data-e-type=\"widget\" data-settings=\"{&quot;_animation&quot;:&quot;fadeInLeft&quot;,&quot;_animation_delay&quot;:600}\" data-widget_type=\"text-editor.default\">\n\t\t\t\t<div class=\"elementor-widget-container\">\n\t\t\t\t\t\t\t\t\t<p><strong style=\"font-size: 1.1rem;\">&#8211; Pellicule de Protection<\/strong><\/p><p><strong>&#8211; Vitres Teint\u00e9es Automobiles<\/strong><\/p><p><strong>&#8211; Rev\u00eatement C\u00e9ramique<\/strong><\/p><p><strong>&#8211; Pellicules pour Vitrages R\u00e9sidentiels et Commerciaux<\/strong><\/p>\t\t\t\t\t\t\t\t<\/div>\n\t\t\t\t<\/div>\n\t\t\t\t<div data-dce-background-color=\"#0377be\" class=\"elementor-element elementor-element-3ec0b40 elementor-align-left elementor-mobile-align-justify elementor-invisible elementor-widget elementor-widget-button\" data-id=\"3ec0b40\" data-element_type=\"widget\" data-e-type=\"widget\" data-settings=\"{&quot;_animation&quot;:&quot;fadeInUp&quot;,&quot;_animation_delay&quot;:700}\" data-widget_type=\"button.default\">\n\t\t\t\t<div class=\"elementor-widget-container\">\n\t\t\t\t\t\t\t\t\t<div class=\"elementor-button-wrapper\">\n\t\t\t\t\t<a class=\"elementor-button elementor-button-link elementor-size-sm\" href=\"https:\/\/www.xpel.com\/locator\" id=\"locator\">\n\t\t\t\t\t\t<span class=\"elementor-button-content-wrapper\">\n\t\t\t\t\t\t\t\t\t<span class=\"elementor-button-text\">CHERCHEZ MAINTENANT<\/span>\n\t\t\t\t\t<\/span>\n\t\t\t\t\t<\/a>\n\t\t\t\t<\/div>\n\t\t\t\t\t\t\t\t<\/div>\n\t\t\t\t<\/div>\n\t\t\t\t\t<\/div>\n\t\t<\/div>\n\t\t\t\t<div class=\"elementor-column elementor-col-50 elementor-top-column elementor-element elementor-element-32481d5 elementor-invisible\" data-id=\"32481d5\" data-element_type=\"column\" data-e-type=\"column\" data-settings=\"{&quot;animation&quot;:&quot;fadeInRight&quot;,&quot;animation_delay&quot;:300}\">\n\t\t\t<div class=\"elementor-widget-wrap elementor-element-populated\">\n\t\t\t\t\t\t<div class=\"elementor-element elementor-element-7dc8bd0 dce_masking-none elementor-widget elementor-widget-image\" data-id=\"7dc8bd0\" data-element_type=\"widget\" data-e-type=\"widget\" data-widget_type=\"image.default\">\n\t\t\t\t<div class=\"elementor-widget-container\">\n\t\t\t\t\t\t\t\t\t\t\t\t\t\t\t<img decoding=\"async\" src=\"https:\/\/protexdealer.com\/wp-content\/uploads\/elementor\/thumbs\/Protex-Laval-tesla-model3-1-qfjfj80wd7sdmeah9r1850t8u64ur1s53esy8bacgs.\" title=\"Protex-Laval-tesla-model3\" alt=\"Protex-Laval-tesla-model3\" loading=\"lazy\" \/>\t\t\t\t\t\t\t\t\t\t\t\t\t\t\t<\/div>\n\t\t\t\t<\/div>\n\t\t\t\t\t<\/div>\n\t\t<\/div>\n\t\t\t\t\t<\/div>\n\t\t<\/section>\n\t\t\t\t<\/div>","protected":false},"excerpt":{"rendered":"<p>CONTACTEZ D\u00c8S MAINTENANT UN CENTRE PROTEX PR\u00c8SDE CHEZ VOUS! &#8211; Pellicule de Protection &#8211; Vitres Teint\u00e9es Automobiles &#8211; Rev\u00eatement C\u00e9ramique &#8211; Pellicules pour Vitrages R\u00e9sidentiels et Commerciaux CHERCHEZ MAINTENANT<\/p>","protected":false},"author":7,"featured_media":153,"parent":0,"menu_order":0,"comment_status":"closed","ping_status":"closed","template":"elementor_canvas","meta":{"content-type":"","footnotes":""},"class_list":["post-475","page","type-page","status-publish","has-post-thumbnail"],"_links":{"self":[{"href":"https:\/\/protexdealer.com\/fr\/wp-json\/wp\/v2\/pages\/475","targetHints":{"allow":["GET"]}}],"collection":[{"href":"https:\/\/protexdealer.com\/fr\/wp-json\/wp\/v2\/pages"}],"about":[{"href":"https:\/\/protexdealer.com\/fr\/wp-json\/wp\/v2\/types\/page"}],"author":[{"embeddable":true,"href":"https:\/\/protexdealer.com\/fr\/wp-json\/wp\/v2\/users\/7"}],"replies":[{"embeddable":true,"href":"https:\/\/protexdealer.com\/fr\/wp-json\/wp\/v2\/comments?post=475"}],"version-history":[{"count":0,"href":"https:\/\/protexdealer.com\/fr\/wp-json\/wp\/v2\/pages\/475\/revisions"}],"wp:featuredmedia":[{"embeddable":true,"href":"https:\/\/protexdealer.com\/fr\/wp-json\/wp\/v2\/media\/153"}],"wp:attachment":[{"href":"https:\/\/protexdealer.com\/fr\/wp-json\/wp\/v2\/media?parent=475"}],"curies":[{"name":"wp","href":"https:\/\/api.w.org\/{rel}","templated":true}]}}